{"id":417,"date":"2023-02-12T16:21:59","date_gmt":"2023-02-12T15:21:59","guid":{"rendered":"https:\/\/dekring-sijsele.be\/?page_id=417"},"modified":"2023-12-10T18:14:15","modified_gmt":"2023-12-10T17:14:15","slug":"willy-sommers-2","status":"publish","type":"page","link":"https:\/\/dekring-sijsele.be\/?page_id=417","title":{"rendered":"Willy Sommers"},"content":{"rendered":"<p>[et_pb_section fb_built=&#8221;1&#8243; disabled_on=&#8221;on|on|off&#8221; _builder_version=&#8221;4.16&#8243; _module_preset=&#8221;default&#8221; custom_margin=&#8221;0px||0px||false|false&#8221; custom_padding=&#8221;10px||0px||false|false&#8221; global_colors_info=&#8221;{}&#8221;][et_pb_row _builder_version=&#8221;4.16&#8243; _module_preset=&#8221;default&#8221; custom_margin=&#8221;0px||0px||false|false&#8221; custom_padding=&#8221;0px||0px||false|false&#8221; global_colors_info=&#8221;{}&#8221;][et_pb_column type=&#8221;4_4&#8243; _builder_version=&#8221;4.16&#8243; _module_preset=&#8221;default&#8221; global_colors_info=&#8221;{}&#8221;][et_pb_menu logo=&#8221;http:\/\/dekring-sijsele.be\/wp-content\/uploads\/2021\/11\/logo-300&#215;300.png&#8221; logo_width=&#8221;100px&#8221; _builder_version=&#8221;4.16&#8243; _module_preset=&#8221;default&#8221; background_enable_color=&#8221;off&#8221; text_orientation=&#8221;right&#8221; global_colors_info=&#8221;{}&#8221;][\/et_pb_menu][\/et_pb_column][\/et_pb_row][\/et_pb_section][et_pb_section fb_built=&#8221;1&#8243; fullwidth=&#8221;on&#8221; _builder_version=&#8221;4.16&#8243; _module_preset=&#8221;default&#8221; z_index=&#8221;0&#8243; top_divider_style=&#8221;slant2&#8243; top_divider_color=&#8221;#FFFFFF&#8221; bottom_divider_style=&#8221;ramp2&#8243; bottom_divider_color=&#8221;#DFD8CA&#8221; global_colors_info=&#8221;{}&#8221;][et_pb_fullwidth_header title=&#8221;Goudstof in \u2018Willy op Verzoek\u2019&#8221; text_orientation=&#8221;center&#8221; _builder_version=&#8221;4.23.1&#8243; _module_preset=&#8221;default&#8221; background_color=&#8221;#105652&#8243; background_image=&#8221;http:\/\/dekring-sijsele.be\/wp-content\/uploads\/2013\/06\/IMG_8047.JPG&#8221; background_blend=&#8221;multiply&#8221; z_index=&#8221;1&#8243; global_colors_info=&#8221;{}&#8221; custom_margin=&#8221;0px||||false|false&#8221; custom_css_free_form=&#8221;p{margin-top: 15px;}&#8221;]<\/p>\n<p style=\"text-align: left;\">Jij denkt dat je van Willy Sommers echt al \u00e0lles gezien en gehoord hebt? Welaan, dan komt nu jouw moment: <strong><em>Willy Sommers op Verzoek<\/em><\/strong>!<\/p>\n<p style=\"text-align: left;\">Jij weet welke vergeten en verborgen <strong>pareltjes<\/strong> de Pajottenlander nog in zijn achterzak heeft. En jij wilt dat Willy \u00e9\u00e9n van die pareltjes voor jou opblinkt en zingt. Toch? In <strong><em>Willy Sommers op Verzoek<\/em><\/strong> gaat Vlaanderens populairste gul in op de verzoekjes van de fans.<\/p>\n<p style=\"text-align: left;\">Liedjes die op een nochtans grijsgedraaide LP stof liggen te vergaren? Songs die onterecht nooit als single verschenen zijn? Vergeten en vandaag zelfs op het wereldwijde web onvindbare tracks? Nummers die jou \u00e0ltijd bijgebleven zijn, ook al heb je ze Willy slechts \u00e9\u00e9n keer horen zingen?<\/p>\n<p style=\"text-align: left;\">Goudstof van De Gieter, kortom. En nostalgie alom, <em>next level <\/em>nostalgie. Want je kan het tijdens de komende theatertournee helemaal zelf herbeleven in <strong><em>Willy Sommers op Verzoek<\/em><\/strong>. J\u00f2uw verzoek<\/p>\n<p style=\"text-align: left;\">Tickets: \u20ac 35 per persoon<br \/>Bestellen op: <span>0494\/397600<\/span><\/p>\n<p>[\/et_pb_fullwidth_header][\/et_pb_section][et_pb_section fb_built=&#8221;1&#8243; _builder_version=&#8221;4.19.5&#8243; _module_preset=&#8221;default&#8221; global_colors_info=&#8221;{}&#8221;][\/et_pb_section]<\/p>\n","protected":false},"excerpt":{"rendered":"<p>Jij denkt dat je van Willy Sommers echt al \u00e0lles gezien en gehoord hebt? Welaan, dan komt nu jouw moment: Willy Sommers op Verzoek! Jij weet welke vergeten en verborgen pareltjes de Pajottenlander nog in zijn achterzak heeft. En jij wilt dat Willy \u00e9\u00e9n van die pareltjes voor jou opblinkt en zingt. Toch? In Willy [&hellip;]<\/p>\n","protected":false},"author":1,"featured_media":0,"parent":0,"menu_order":0,"comment_status":"closed","ping_status":"closed","template":"","meta":{"_et_pb_use_builder":"on","_et_pb_old_content":"","_et_gb_content_width":"","footnotes":""},"class_list":["post-417","page","type-page","status-publish","hentry"],"_links":{"self":[{"href":"https:\/\/dekring-sijsele.be\/index.php?rest_route=\/wp\/v2\/pages\/417","targetHints":{"allow":["GET"]}}],"collection":[{"href":"https:\/\/dekring-sijsele.be\/index.php?rest_route=\/wp\/v2\/pages"}],"about":[{"href":"https:\/\/dekring-sijsele.be\/index.php?rest_route=\/wp\/v2\/types\/page"}],"author":[{"embeddable":true,"href":"https:\/\/dekring-sijsele.be\/index.php?rest_route=\/wp\/v2\/users\/1"}],"replies":[{"embeddable":true,"href":"https:\/\/dekring-sijsele.be\/index.php?rest_route=%2Fwp%2Fv2%2Fcomments&post=417"}],"version-history":[{"count":4,"href":"https:\/\/dekring-sijsele.be\/index.php?rest_route=\/wp\/v2\/pages\/417\/revisions"}],"predecessor-version":[{"id":458,"href":"https:\/\/dekring-sijsele.be\/index.php?rest_route=\/wp\/v2\/pages\/417\/revisions\/458"}],"wp:attachment":[{"href":"https:\/\/dekring-sijsele.be\/index.php?rest_route=%2Fwp%2Fv2%2Fmedia&parent=417"}],"curies":[{"name":"wp","href":"https:\/\/api.w.org\/{rel}","templated":true}]}}